{"id":5,"date":"2019-01-26T15:38:22","date_gmt":"2019-01-26T15:38:22","guid":{"rendered":"https:\/\/www.jakob-pickup-transporte.ch\/index.php\/mesmerize\/"},"modified":"2025-10-12T14:23:46","modified_gmt":"2025-10-12T14:23:46","slug":"mesmerize","status":"publish","type":"page","link":"https:\/\/www.jakob-pickup-transporte.ch\/","title":{"rendered":"Front Page"},"content":{"rendered":"<div  data-label=\"About\" data-id=\"about--1\" data-export-id=\"about-1\" data-category=\"about\" class=\"about-1 content-section\" id=\"about-1\" style=\"background-color: rgb(255, 255, 255);\"><div  class=\"gridContainer\"> <div  class=\"row text-center\"><div  class=\"section-title-col\" data-type=\"column\"><span  style=\"caret-color: rgb(0, 0, 0); color: rgb(0, 0, 0); font-family: -webkit-standard; font-size: medium; text-align: start;\" class=\"\"><\/span><br  class=\"\">   <p  class=\"lead\">Familienunternehmen in 2. Generation\n<br >Baumaschinentaxi, Baumaterial, Fahrzeugtransporte und mehr.<br >Sie suchen ein Baumaschinen Taxi, wir transportieren Ihre Baumaschine im Nu von A nach B.\n<br ><br >Baumaschinen ab 2.8 Tonnen werden mit meinem Dreiachser MAN 26. TGX&nbsp; mit Vollhydraulischer, h\u00f6henverstellbarer Rampe (Seilwinde integriert) transportiert.\n<br ><br >Nutzlast bis 13 Tonnen.\n<br >Maximale H\u00f6he der Ladung 2.82 m&nbsp;<br >Breite 2.50 m \n<br >Ladefl\u00e4chenl\u00e4nge 7.4 m\n<br >Baumaschinen bis 2.7 Tonnen transportiere ich mit meinem Anh\u00e4nger, um meinen Kunden die LSVA zu ersparen.\n<br ><br >Ein Kunde der Baumaschinen mietet muss aus Sicherheitsgr\u00fcnden instruiert werden. Da die Anbauger\u00e4te immer gr\u00f6sser, die Maschinen effizienter und die Bedienung komplexer wird. Diese ausf\u00fchrlichen Instruktionen erhalten Sie von mir, dies ist einer meiner St\u00e4rken.\n<br >Als ausgebildeter Maschinist, mit langj\u00e4hriger Erfahrung, kenne ich die Baumaschinen und weiss sicher mit ihnen umzugehen. Durch meine Erfahrung kann ich wertvolle Tipps und Tricks geben.\n<br >Sicherheit steht an oberster Stelle.\n<br >Das Erkennen von Sch\u00e4den vor dem Transport und deren Meldung ist f\u00fcr mich selbstverst\u00e4ndlich<font  color=\"#000000\" face=\"Calibri, sans-serif\"><span  style=\"caret-color: rgb(0, 0, 0); font-size: 14.666667px;\">.\n<\/span><\/font>Termine und Auftr\u00e4ge p\u00fcnktlich auszuf\u00fchren sind Ehrensache.<\/p><h4  class=\"\">Sie brauchen einen Maschinisten f\u00fcr Ihr Projekt?\n<br ><br >Rufen Sie mich gerne unter 079 797 22 44 an.<br >Ich bin Ihr zuverl\u00e4ssiger Partner.<\/h4><\/div> <\/div> <div  class=\"row\"> <div  class=\"button-holder space-bottom space-bottom-small\" data-type=\"column\"> <\/div> <div  class=\"col-xs bottom-xs flexbox image-group-bottom-3-img space-bottom-xs center-xs\"> <img  decoding=\"async\" class=\"left-img shadow-large-black\" data-size=\"500x300\" src=\"https:\/\/www.jakob-pickup-transporte.ch\/wp-content\/uploads\/2025\/10\/cropped-b1.jpeg\" alt=\"\" title=\"cropped-b1.jpeg\"> <a  data-cp-link=\"1\" href=\"#\" class=\"center-img-anchor\" target=\"_self\"><img  decoding=\"async\" class=\"center-img shadow-large-black\" data-size=\"500x300\" src=\"https:\/\/www.jakob-pickup-transporte.ch\/wp-content\/uploads\/2025\/10\/cropped-b2.jpeg\" alt=\"\" title=\"IMAG1960\"><\/a> <img  decoding=\"async\" class=\"right-img shadow-large-black\" data-size=\"500x300\" src=\"https:\/\/www.jakob-pickup-transporte.ch\/wp-content\/uploads\/2025\/10\/cropped-b3.jpeg\" alt=\"\" title=\"cropped-b3.jpeg\"><\/div> <\/div><\/div> <\/div><div  data-label=\"Contact\" data-id=\"contact--1\" data-export-id=\"contact-1\" data-category=\"contact\" class=\"contact-1 content-section content-section-spacing white-text\" data-parallax-depth=\"20\" id=\"contact-1\" style=\"background-color: rgb(245, 250, 253); background-image: url(&quot;https:\/\/www.jakob-pickup-transporte.ch\/wp-content\/uploads\/2019\/01\/Microsoft_Visual_RGB_2017-09-01.png&quot;); background-size: cover; background-position: center top;\"><div  class=\"\"> <div  class=\"row text-center\"><div  class=\"section-title-col\" data-type=\"column\"> <h2  class=\"\">Kontaktieren Sie uns !!!<\/h2> <\/div> <\/div> <div  class=\"row text-center\"> <div  class=\"col-xs-12 col-sm-8 col-sm-offset-2 contact-form-wrapper inline-info\"> <div  class=\"card large-padding\"> <div  class=\"\" data-content-shortcode=\"mesmerize_contact_form shortcode=&quot;wpforms id=&amp;amp;quot;69&amp;amp;quot;&quot;\" data-editable=\"true\"><div class=\"wpforms-container wpforms-container-full\" id=\"wpforms-69\"><form id=\"wpforms-form-69\" class=\"wpforms-validate wpforms-form\" data-formid=\"69\" method=\"post\" enctype=\"multipart\/form-data\" action=\"\/index.php\/wp-json\/wp\/v2\/pages\/5\" data-token=\"d154780370eb0733ad6cd634835061a2\"><noscript class=\"wpforms-error-noscript\">Please enable JavaScript in your browser to complete this form.<\/noscript><div class=\"wpforms-field-container\"><div id=\"wpforms-69-field_0-container\" class=\"wpforms-field wpforms-field-name\" data-field-id=\"0\"><label class=\"wpforms-field-label\" for=\"wpforms-69-field_0\">Name und Vorname <span class=\"wpforms-required-label\">*<\/span><\/label><div class=\"wpforms-field-row wpforms-field-medium\"><div class=\"wpforms-field-row-block wpforms-first wpforms-one-half\"><input type=\"text\" id=\"wpforms-69-field_0\" class=\"wpforms-field-name-first wpforms-field-required\" name=\"wpforms[fields][0][first]\" required><label for=\"wpforms-69-field_0\" class=\"wpforms-field-sublabel after \">First<\/label><\/div><div class=\"wpforms-field-row-block wpforms-one-half\"><input type=\"text\" id=\"wpforms-69-field_0-last\" class=\"wpforms-field-name-last wpforms-field-required\" name=\"wpforms[fields][0][last]\" required><label for=\"wpforms-69-field_0-last\" class=\"wpforms-field-sublabel after \">Last<\/label><\/div><\/div><\/div><div id=\"wpforms-69-field_1-container\" class=\"wpforms-field wpforms-field-email\" data-field-id=\"1\"><label class=\"wpforms-field-label\" for=\"wpforms-69-field_1\">Email <span class=\"wpforms-required-label\">*<\/span><\/label><input type=\"email\" id=\"wpforms-69-field_1\" class=\"wpforms-field-medium wpforms-field-required\" name=\"wpforms[fields][1]\" required><\/div><div id=\"wpforms-69-field_2-container\" class=\"wpforms-field wpforms-field-textarea\" data-field-id=\"2\"><label class=\"wpforms-field-label\" for=\"wpforms-69-field_2\">Ihre Nachricht an uns  <span class=\"wpforms-required-label\">*<\/span><\/label><textarea id=\"wpforms-69-field_2\" class=\"wpforms-field-medium wpforms-field-required\" name=\"wpforms[fields][2]\" required><\/textarea><\/div><\/div><div class=\"wpforms-submit-container\" ><input type=\"hidden\" name=\"wpforms[id]\" value=\"69\"><input type=\"hidden\" name=\"wpforms[author]\" value=\"1\"><button type=\"submit\" name=\"wpforms[submit]\" class=\"wpforms-submit \" id=\"wpforms-submit-69\" value=\"wpforms-submit\" aria-live=\"assertive\" data-alt-text=\"Sending...\" data-submit-text=\"Senden\">Senden<\/button><\/div><\/form><\/div>  <!-- .wpforms-container --><\/div><\/div> <\/div><\/div> <\/div><\/div>","protected":false},"excerpt":{"rendered":"<p>Familienunternehmen in 2. Generation Baumaschinentaxi, Baumaterial, Fahrzeugtransporte und mehr.Sie suchen ein Baumaschinen Taxi, wir transportieren Ihre Baumaschine im Nu von A nach B. Baumaschinen ab 2.8 Tonnen werden mit meinem Dreiachser MAN 26. TGX&nbsp; mit Vollhydraulischer, h\u00f6henverstellbarer Rampe (Seilwinde integriert) transportiert. Nutzlast bis 13 Tonnen. Maximale H\u00f6he der Ladung 2.82 m&nbsp;Breite 2.50 m Ladefl\u00e4chenl\u00e4nge 7.4&hellip; <br \/> <a class=\"read-more\" href=\"https:\/\/www.jakob-pickup-transporte.ch\/\">Weiterlesen<\/a><\/p>\n","protected":false},"author":1,"featured_media":0,"parent":0,"menu_order":0,"comment_status":"closed","ping_status":"closed","template":"page-templates\/homepage.php","meta":{"footnotes":""},"class_list":["post-5","page","type-page","status-publish","hentry"],"_links":{"self":[{"href":"https:\/\/www.jakob-pickup-transporte.ch\/index.php\/wp-json\/wp\/v2\/pages\/5","targetHints":{"allow":["GET"]}}],"collection":[{"href":"https:\/\/www.jakob-pickup-transporte.ch\/index.php\/wp-json\/wp\/v2\/pages"}],"about":[{"href":"https:\/\/www.jakob-pickup-transporte.ch\/index.php\/wp-json\/wp\/v2\/types\/page"}],"author":[{"embeddable":true,"href":"https:\/\/www.jakob-pickup-transporte.ch\/index.php\/wp-json\/wp\/v2\/users\/1"}],"replies":[{"embeddable":true,"href":"https:\/\/www.jakob-pickup-transporte.ch\/index.php\/wp-json\/wp\/v2\/comments?post=5"}],"version-history":[{"count":26,"href":"https:\/\/www.jakob-pickup-transporte.ch\/index.php\/wp-json\/wp\/v2\/pages\/5\/revisions"}],"predecessor-version":[{"id":135,"href":"https:\/\/www.jakob-pickup-transporte.ch\/index.php\/wp-json\/wp\/v2\/pages\/5\/revisions\/135"}],"wp:attachment":[{"href":"https:\/\/www.jakob-pickup-transporte.ch\/index.php\/wp-json\/wp\/v2\/media?parent=5"}],"curies":[{"name":"wp","href":"https:\/\/api.w.org\/{rel}","templated":true}]}}